{"id":605,"date":"2021-08-25T02:16:38","date_gmt":"2021-08-25T02:16:38","guid":{"rendered":"https:\/\/mastenresearch.com\/about\/"},"modified":"2025-09-18T08:24:23","modified_gmt":"2025-09-18T05:24:23","slug":"about","status":"publish","type":"page","link":"https:\/\/mastenresearch.com\/ar\/about\/","title":{"rendered":"\u062d\u0648\u0644"},"content":{"rendered":"<div data-elementor-type=\"wp-page\" data-elementor-id=\"605\" class=\"elementor elementor-605\" data-elementor-post-type=\"page\">\n\t\t\t\t<div class=\"elementor-element elementor-element-8fd5308 e-flex e-con-boxed e-con e-parent\" data-id=\"8fd5308\" data-element_type=\"container\" data-settings=\"{&quot;background_background&quot;:&quot;classic&quot;}\">\n\t\t\t\t\t<div class=\"e-con-inner\">\n\t\t<div class=\"elementor-element elementor-element-17ced38 e-con-full e-flex e-con e-child\" data-id=\"17ced38\" data-element_type=\"container\">\n\t\t\t\t<div class=\"elementor-element elementor-element-e89582e elementor-widget elementor-widget-heading\" data-id=\"e89582e\" data-element_type=\"widget\" data-widget_type=\"heading.default\">\n\t\t\t\t<div class=\"elementor-widget-container\">\n\t\t\t\t\t<h6 class=\"elementor-heading-title elementor-size-default\">About Us<\/h6>\t\t\t\t<\/div>\n\t\t\t\t<\/div>\n\t\t\t\t<\/div>\n\t\t\t\t\t<\/div>\n\t\t\t\t<\/div>\n\t\t<div class=\"elementor-element elementor-element-1adf18b e-flex e-con-boxed e-con e-parent\" data-id=\"1adf18b\" data-element_type=\"container\">\n\t\t\t\t\t<div class=\"e-con-inner\">\n\t\t\t\t\t<\/div>\n\t\t\t\t<\/div>\n\t\t<div class=\"elementor-element elementor-element-b83d38b e-flex e-con-boxed e-con e-parent\" data-id=\"b83d38b\" data-element_type=\"container\" data-settings=\"{&quot;background_background&quot;:&quot;classic&quot;}\">\n\t\t\t\t\t<div class=\"e-con-inner\">\n\t\t<div class=\"elementor-element elementor-element-a80f695 e-con-full e-flex e-con e-child\" data-id=\"a80f695\" data-element_type=\"container\">\n\t\t<div class=\"elementor-element elementor-element-5af9fc9 e-flex e-con-boxed e-con e-child\" data-id=\"5af9fc9\" data-element_type=\"container\">\n\t\t\t\t\t<div class=\"e-con-inner\">\n\t\t<div class=\"elementor-element elementor-element-de552a5 e-con-full e-flex e-con e-child\" data-id=\"de552a5\" data-element_type=\"container\">\n\t\t\t\t<div class=\"elementor-element elementor-element-0961f91 elementor-widget elementor-widget-heading\" data-id=\"0961f91\" data-element_type=\"widget\" data-widget_type=\"heading.default\">\n\t\t\t\t<div class=\"elementor-widget-container\">\n\t\t\t\t\t<h6 class=\"elementor-heading-title elementor-size-default\">\u0627\u0644\u0623\u0628\u062d\u0627\u062b \u0627\u0644\u0633\u0631\u064a\u0631\u064a\u0629 \u0641\u064a **MASTEN**<\/h6>\t\t\t\t<\/div>\n\t\t\t\t<\/div>\n\t\t\t\t<div class=\"elementor-element elementor-element-cdc3a50 elementor-widget elementor-widget-text-editor\" data-id=\"cdc3a50\" data-element_type=\"widget\" data-widget_type=\"text-editor.default\">\n\t\t\t\t<div class=\"elementor-widget-container\">\n\t\t\t\t\t\t\t\t\t\u062a\u064f\u0639\u062f **Masten** \u0645\u0624\u0633\u0633\u0629 \u0631\u0627\u0626\u062f\u0629 \u0641\u064a \u0639\u0644\u0627\u062c \u0627\u0644\u0623\u0645\u0631\u0627\u0636 \u0627\u0644\u062c\u064a\u0646\u064a\u0629 \u0648\u0627\u0644\u062d\u062f \u0645\u0646 \u0622\u062b\u0627\u0631 \u0627\u0644\u0634\u064a\u062e\u0648\u062e\u0629. \u062a\u0623\u0633\u0633\u062a \u0639\u0627\u0645 2012\u060c \u0648\u062a\u0642\u0648\u0645 \u0647\u0630\u0647 \u0627\u0644\u0645\u0624\u0633\u0633\u0629 \u0627\u0644\u0628\u062d\u062b\u064a\u0629 \u0628\u0625\u062c\u0631\u0627\u0621 \u062f\u0631\u0627\u0633\u0627\u062a \u0639\u0644\u0645\u064a\u0629 \u0641\u064a \u0645\u062c\u0627\u0644\u0627\u062a \u0645\u062b\u0644 \u0627\u0644\u0639\u0644\u0627\u062c \u0627\u0644\u062c\u064a\u0646\u064a\u060c \u062a\u0639\u062f\u064a\u0644 \u0627\u0644\u0645\u0646\u0627\u0639\u0629\u060c \u0627\u0644\u0639\u0644\u0627\u062c \u0627\u0644\u0643\u064a\u0645\u064a\u0627\u0626\u064a\u060c \u062a\u0639\u062f\u064a\u0644 \u0627\u0644\u062d\u0645\u0636 \u0627\u0644\u0646\u0648\u0648\u064a\u060c \u0648\u062a\u062c\u062f\u064a\u062f \u0627\u0644\u0634\u0628\u0627\u0628. \u062a\u0645\u062a\u0644\u0643 **Masten** \u0628\u0646\u064a\u0629 \u062a\u062d\u062a\u064a\u0629 \u0645\u062e\u0628\u0631\u064a\u0629 \u0648\u0633\u0631\u064a\u0631\u064a\u0629 \u0628\u0645\u0639\u0627\u064a\u064a\u0631 \u062f\u0648\u0644\u064a\u0629 \u0644\u062a\u0648\u0641\u064a\u0631 \u0623\u0641\u0636\u0644 \u0648\u0623\u0623\u0645\u0646 \u0637\u0631\u0642 \u0627\u0644\u0639\u0644\u0627\u062c \u0644\u0645\u0631\u0636\u0627\u0647\u0627. \u0648\u0642\u062f \u062d\u0642\u0642\u062a \u0623\u0631\u0642\u0627\u0645\u064b\u0627 \u0642\u064a\u0627\u0633\u064a\u0629 \u0639\u0627\u0644\u0645\u064a\u0629 \u0641\u064a \u0639\u0644\u0627\u062c \u0627\u0644\u0623\u0645\u0631\u0627\u0636 \u0627\u0644\u062c\u064a\u0646\u064a\u0629\u060c \u0648\u062d\u0635\u0644\u062a \u0639\u0644\u0649 \u0627\u0644\u0639\u062f\u064a\u062f \u0645\u0646 \u0627\u0644\u062c\u0648\u0627\u0626\u0632 \u0648\u0628\u0631\u0627\u0621\u0627\u062a \u0627\u0644\u0627\u062e\u062a\u0631\u0627\u0639 \u0641\u064a \u0647\u0630\u0627 \u0627\u0644\u0645\u062c\u0627\u0644. \u0625\u0646\u0647\u0627 \u0645\u0624\u0633\u0633\u0629 \u0645\u0628\u062a\u0643\u0631\u0629 \u0648\u0628\u0635\u064a\u0631\u0629 \u062a\u0639\u0645\u0644 \u0639\u0644\u0649 \u062a\u062d\u0633\u064a\u0646 \u0635\u062d\u0629 \u0627\u0644\u0625\u0646\u0633\u0627\u0646 \u0648\u062c\u0648\u062f\u0629 \u062d\u064a\u0627\u062a\u0647.\t\t\t\t\t\t\t\t<\/div>\n\t\t\t\t<\/div>\n\t\t\t\t<\/div>\n\t\t<div class=\"elementor-element elementor-element-42bd4bc e-con-full e-flex e-con e-child\" data-id=\"42bd4bc\" data-element_type=\"container\">\n\t\t\t\t<div class=\"elementor-element elementor-element-e405f9e elementor-widget elementor-widget-image-carousel\" data-id=\"e405f9e\" data-element_type=\"widget\" data-settings=\"{&quot;slides_to_show&quot;:&quot;1&quot;,&quot;slides_to_show_tablet&quot;:&quot;1&quot;,&quot;navigation&quot;:&quot;none&quot;,&quot;autoplay_speed&quot;:2000,&quot;autoplay&quot;:&quot;yes&quot;,&quot;pause_on_hover&quot;:&quot;yes&quot;,&quot;pause_on_interaction&quot;:&quot;yes&quot;,&quot;infinite&quot;:&quot;yes&quot;,&quot;effect&quot;:&quot;slide&quot;,&quot;speed&quot;:500}\" data-widget_type=\"image-carousel.default\">\n\t\t\t\t<div class=\"elementor-widget-container\">\n\t\t\t\t\t\t\t<div class=\"elementor-image-carousel-wrapper swiper\" role=\"region\" aria-roledescription=\"carousel\" aria-label=\"Resim D\u00f6ng\u00fcs\u00fc\" dir=\"ltr\">\n\t\t\t<div class=\"elementor-image-carousel swiper-wrapper\" aria-live=\"off\">\n\t\t\t\t\t\t\t\t<div class=\"swiper-slide\" role=\"group\" aria-roledescription=\"slide\" aria-label=\"1 of 4\"><figure class=\"swiper-slide-inner\"><img decoding=\"async\" class=\"swiper-slide-image lazyload\" data-src=\"https:\/\/mastenresearch.com\/wp-content\/uploads\/2025\/07\/ac379236-d5c5-438e-847e-6e7074952880-depositphotos-bgremover-1.png\" alt=\"ac379236 d5c5 438e 847e 6e7074952880 depositphotos bgremover (1)\" src=\"data:image\/svg+xml;base64,PHN2ZyB3aWR0aD0iMSIgaGVpZ2h0PSIxIiB4bWxucz0iaHR0cDovL3d3dy53My5vcmcvMjAwMC9zdmciPjwvc3ZnPg==\" style=\"--smush-placeholder-width: 505px; --smush-placeholder-aspect-ratio: 505\/1024;\" \/><\/figure><\/div><div class=\"swiper-slide\" role=\"group\" aria-roledescription=\"slide\" aria-label=\"2 of 4\"><figure class=\"swiper-slide-inner\"><img decoding=\"async\" class=\"swiper-slide-image lazyload\" data-src=\"https:\/\/mastenresearch.com\/wp-content\/uploads\/2025\/07\/ac379236-d5c5-438e-847e-6e7074952881-depositphotos-bgremover.png\" alt=\"ac379236 d5c5 438e 847e 6e7074952881 depositphotos bgremover\" src=\"data:image\/svg+xml;base64,PHN2ZyB3aWR0aD0iMSIgaGVpZ2h0PSIxIiB4bWxucz0iaHR0cDovL3d3dy53My5vcmcvMjAwMC9zdmciPjwvc3ZnPg==\" style=\"--smush-placeholder-width: 513px; --smush-placeholder-aspect-ratio: 513\/1024;\" \/><\/figure><\/div><div class=\"swiper-slide\" role=\"group\" aria-roledescription=\"slide\" aria-label=\"3 of 4\"><figure class=\"swiper-slide-inner\"><img decoding=\"async\" class=\"swiper-slide-image lazyload\" data-src=\"https:\/\/mastenresearch.com\/wp-content\/uploads\/2025\/07\/debb8707-76df-4dfd-a680-079226d3cb81-depositphotos-bgremover-1.png\" alt=\"debb8707 76df 4dfd a680 079226d3cb81 depositphotos bgremover (1)\" src=\"data:image\/svg+xml;base64,PHN2ZyB3aWR0aD0iMSIgaGVpZ2h0PSIxIiB4bWxucz0iaHR0cDovL3d3dy53My5vcmcvMjAwMC9zdmciPjwvc3ZnPg==\" style=\"--smush-placeholder-width: 508px; --smush-placeholder-aspect-ratio: 508\/1024;\" \/><\/figure><\/div><div class=\"swiper-slide\" role=\"group\" aria-roledescription=\"slide\" aria-label=\"4 of 4\"><figure class=\"swiper-slide-inner\"><img decoding=\"async\" class=\"swiper-slide-image lazyload\" data-src=\"https:\/\/mastenresearch.com\/wp-content\/uploads\/2025\/07\/debb8707-76df-4dfd-a680-079226d3cb82-depositphotos-bgremover.png\" alt=\"debb8707 76df 4dfd a680 079226d3cb82 depositphotos bgremover\" src=\"data:image\/svg+xml;base64,PHN2ZyB3aWR0aD0iMSIgaGVpZ2h0PSIxIiB4bWxucz0iaHR0cDovL3d3dy53My5vcmcvMjAwMC9zdmciPjwvc3ZnPg==\" style=\"--smush-placeholder-width: 523px; --smush-placeholder-aspect-ratio: 523\/1024;\" \/><\/figure><\/div>\t\t\t<\/div>\n\t\t\t\t\t\t\t\n\t\t\t\t\t\t\t\t\t<\/div>\n\t\t\t\t\t\t<\/div>\n\t\t\t\t<\/div>\n\t\t\t\t<\/div>\n\t\t<div class=\"elementor-element elementor-element-591cddf e-con-full e-flex e-con e-child\" data-id=\"591cddf\" data-element_type=\"container\">\n\t\t\t\t<div class=\"elementor-element elementor-element-135c4fb elementor-widget elementor-widget-heading\" data-id=\"135c4fb\" data-element_type=\"widget\" data-widget_type=\"heading.default\">\n\t\t\t\t<div class=\"elementor-widget-container\">\n\t\t\t\t\t<h6 class=\"elementor-heading-title elementor-size-default\">\u0627\u0644\u0623\u0628\u062d\u0627\u062b \u0627\u0644\u0633\u0631\u064a\u0631\u064a\u0629 \u0641\u064a **MASTEN**<\/h6>\t\t\t\t<\/div>\n\t\t\t\t<\/div>\n\t\t\t\t<div class=\"elementor-element elementor-element-0202b07 elementor-widget elementor-widget-text-editor\" data-id=\"0202b07\" data-element_type=\"widget\" data-widget_type=\"text-editor.default\">\n\t\t\t\t<div class=\"elementor-widget-container\">\n\t\t\t\t\t\t\t\t\t\u062a\u064f\u0639\u062f **Masten** \u0645\u0624\u0633\u0633\u0629 \u0631\u0627\u0626\u062f\u0629 \u0641\u064a \u0639\u0644\u0627\u062c \u0627\u0644\u0623\u0645\u0631\u0627\u0636 \u0627\u0644\u062c\u064a\u0646\u064a\u0629 \u0648\u0627\u0644\u062d\u062f \u0645\u0646 \u0622\u062b\u0627\u0631 \u0627\u0644\u0634\u064a\u062e\u0648\u062e\u0629. \u062a\u0623\u0633\u0633\u062a \u0639\u0627\u0645 2012\u060c \u0648\u062a\u0642\u0648\u0645 \u0647\u0630\u0647 \u0627\u0644\u0645\u0624\u0633\u0633\u0629 \u0627\u0644\u0628\u062d\u062b\u064a\u0629 \u0628\u0625\u062c\u0631\u0627\u0621 \u062f\u0631\u0627\u0633\u0627\u062a \u0639\u0644\u0645\u064a\u0629 \u0641\u064a \u0645\u062c\u0627\u0644\u0627\u062a \u0645\u062b\u0644 \u0627\u0644\u0639\u0644\u0627\u062c \u0627\u0644\u062c\u064a\u0646\u064a\u060c \u062a\u0639\u062f\u064a\u0644 \u0627\u0644\u0645\u0646\u0627\u0639\u0629\u060c \u0627\u0644\u0639\u0644\u0627\u062c \u0627\u0644\u0643\u064a\u0645\u064a\u0627\u0626\u064a\u060c \u062a\u0639\u062f\u064a\u0644 \u0627\u0644\u062d\u0645\u0636 \u0627\u0644\u0646\u0648\u0648\u064a\u060c \u0648\u062a\u062c\u062f\u064a\u062f \u0627\u0644\u0634\u0628\u0627\u0628. \u062a\u0645\u062a\u0644\u0643 **Masten** \u0628\u0646\u064a\u0629 \u062a\u062d\u062a\u064a\u0629 \u0645\u062e\u0628\u0631\u064a\u0629 \u0648\u0633\u0631\u064a\u0631\u064a\u0629 \u0628\u0645\u0639\u0627\u064a\u064a\u0631 \u062f\u0648\u0644\u064a\u0629 \u0644\u062a\u0648\u0641\u064a\u0631 \u0623\u0641\u0636\u0644 \u0648\u0623\u0623\u0645\u0646 \u0637\u0631\u0642 \u0627\u0644\u0639\u0644\u0627\u062c \u0644\u0645\u0631\u0636\u0627\u0647\u0627. \u0648\u0642\u062f \u062d\u0642\u0642\u062a \u0623\u0631\u0642\u0627\u0645\u064b\u0627 \u0642\u064a\u0627\u0633\u064a\u0629 \u0639\u0627\u0644\u0645\u064a\u0629 \u0641\u064a \u0639\u0644\u0627\u062c \u0627\u0644\u0623\u0645\u0631\u0627\u0636 \u0627\u0644\u062c\u064a\u0646\u064a\u0629\u060c \u0648\u062d\u0635\u0644\u062a \u0639\u0644\u0649 \u0627\u0644\u0639\u062f\u064a\u062f \u0645\u0646 \u0627\u0644\u062c\u0648\u0627\u0626\u0632 \u0648\u0628\u0631\u0627\u0621\u0627\u062a \u0627\u0644\u0627\u062e\u062a\u0631\u0627\u0639 \u0641\u064a \u0647\u0630\u0627 \u0627\u0644\u0645\u062c\u0627\u0644. \u0625\u0646\u0647\u0627 \u0645\u0624\u0633\u0633\u0629 \u0645\u0628\u062a\u0643\u0631\u0629 \u0648\u0628\u0635\u064a\u0631\u0629 \u062a\u0639\u0645\u0644 \u0639\u0644\u0649 \u062a\u062d\u0633\u064a\u0646 \u0635\u062d\u0629 \u0627\u0644\u0625\u0646\u0633\u0627\u0646 \u0648\u062c\u0648\u062f\u0629 \u062d\u064a\u0627\u062a\u0647.\t\t\t\t\t\t\t\t<\/div>\n\t\t\t\t<\/div>\n\t\t\t\t<\/div>\n\t\t\t\t\t<\/div>\n\t\t\t\t<\/div>\n\t\t<div class=\"elementor-element elementor-element-f5dd7ac e-flex e-con-boxed e-con e-child\" data-id=\"f5dd7ac\" data-element_type=\"container\">\n\t\t\t\t\t<div class=\"e-con-inner\">\n\t\t\t\t<div class=\"elementor-element elementor-element-5685c3f elementor-widget elementor-widget-text-editor\" data-id=\"5685c3f\" data-element_type=\"widget\" data-widget_type=\"text-editor.default\">\n\t\t\t\t<div class=\"elementor-widget-container\">\n\t\t\t\t\t\t\t\t\t<p>\u0641\u064a **Masten Research**\u060c \u064a\u062a\u0645 \u062a\u0637\u0628\u064a\u0642 \u0639\u0644\u0627\u062c\u0627\u062a \u0627\u0644\u0633\u0631\u0637\u0627\u0646 \u0628\u0634\u0643\u0644 \u0623\u0633\u0627\u0633\u064a \u0645\u0646 \u062e\u0644\u0627\u0644 **\u0645\u064f\u0639\u062f\u0651\u0650\u0644 \u0627\u0644\u0645\u0646\u0627\u0639\u0629 MST-335**\u060c \u0648\u0627\u0644\u0639\u0644\u0627\u062c \u0627\u0644\u062c\u064a\u0646\u064a\u060c \u0648\u062a\u0639\u062f\u064a\u0644 \u0627\u0644\u062d\u0645\u0636 \u0627\u0644\u0646\u0648\u0648\u064a. \u064a\u064f\u0639\u062f \u0627\u0644\u0639\u0644\u0627\u062c \u0627\u0644\u062c\u064a\u0646\u064a \u0648\u0633\u064a\u0644\u0629 \u062a\u0642\u0648\u0645 \u0639\u0644\u0649 \u062a\u0639\u062f\u064a\u0644 \u0627\u0644\u062c\u064a\u0646\u0627\u062a \u0641\u064a \u0627\u0644\u062e\u0644\u0627\u064a\u0627 \u0627\u0644\u0628\u0634\u0631\u064a\u0629 \u0623\u0648 \u0627\u0644\u0648\u0642\u0627\u064a\u0629 \u0645\u0646 \u0627\u0644\u0623\u0645\u0631\u0627\u0636. \u0648\u0627\u0644\u0647\u062f\u0641 \u0645\u0646\u0647 \u0647\u0648 \u0646\u0642\u0644 \u0627\u0644\u062c\u064a\u0646\u0627\u062a \u0627\u0644\u0633\u0644\u064a\u0645\u0629 \u0627\u0644\u0645\u0646\u0627\u0633\u0628\u0629 \u0644\u062a\u062d\u0644 \u0645\u062d\u0644 \u0627\u0644\u062c\u064a\u0646\u0627\u062a \u0627\u0644\u0645\u062a\u062d\u0648\u0631\u0629 \u0623\u0648 \u0627\u0644\u0645\u0633\u0628\u0628\u0629 \u0644\u0644\u0623\u0645\u0631\u0627\u0636.<\/p><p>\u062a\u0637\u0628\u0651\u0642 **Masten Research** \u0637\u0631\u0642 **\u062a\u0639\u062f\u064a\u0644 \u0627\u0644\u0645\u0646\u0627\u0639\u0629 MST-335**\u060c \u0648\u0627\u0644\u0639\u0644\u0627\u062c \u0627\u0644\u062c\u064a\u0646\u064a\u060c \u0648\u062a\u0639\u062f\u064a\u0644 \u0627\u0644\u062d\u0645\u0636 \u0627\u0644\u0646\u0648\u0648\u064a \u0643\u0623\u0633\u0627\u0633 \u0644\u0639\u0644\u0627\u062c\u0627\u062a \u0627\u0644\u0633\u0631\u0637\u0627\u0646. \u064a\u0647\u062f\u0641 \u0627\u0644\u0639\u0644\u0627\u062c \u0627\u0644\u062c\u064a\u0646\u064a \u0625\u0644\u0649 \u062a\u0639\u062f\u064a\u0644 \u0627\u0644\u062c\u064a\u0646\u0627\u062a \u0641\u064a \u0627\u0644\u062e\u0644\u0627\u064a\u0627 \u0627\u0644\u0628\u0634\u0631\u064a\u0629 \u0623\u0648 \u0627\u0644\u0648\u0642\u0627\u064a\u0629 \u0645\u0646 \u0627\u0644\u0623\u0645\u0631\u0627\u0636\u060c \u0645\u0646 \u062e\u0644\u0627\u0644 \u0646\u0642\u0644 \u0627\u0644\u062c\u064a\u0646\u0627\u062a \u0627\u0644\u0633\u0644\u064a\u0645\u0629 \u0627\u0644\u0645\u0646\u0627\u0633\u0628\u0629 \u0644\u062a\u062d\u0644 \u0645\u062d\u0644 \u0627\u0644\u062c\u064a\u0646\u0627\u062a \u0627\u0644\u0645\u062a\u062d\u0648\u0631\u0629 \u0623\u0648 \u0627\u0644\u0645\u0633\u0628\u0628\u0629 \u0644\u0644\u0623\u0645\u0631\u0627\u0636.<br \/>\u0627\u0644\u0639\u0644\u0627\u062c \u0627\u0644\u062c\u064a\u0646\u064a \u0647\u0648 \u0627\u0633\u062a\u062e\u062f\u0627\u0645 \u0645\u0642\u0627\u0637\u0639 \u0645\u0646 \u0627\u0644\u062d\u0645\u0636 \u0627\u0644\u0646\u0648\u0648\u064a (\u0639\u0627\u062f\u0629\u064b \u062c\u064a\u0646\u0627\u062a) \u0641\u064a \u0639\u0644\u0627\u062c \u0623\u0648 \u0627\u0644\u0648\u0642\u0627\u064a\u0629 \u0645\u0646 \u0627\u0644\u0623\u0645\u0631\u0627\u0636 \u0627\u0644\u062c\u064a\u0646\u064a\u0629. \u0648\u064a\u062a\u0637\u0644\u0628 \u0630\u0644\u0643 \u0625\u062f\u062e\u0627\u0644 \u0627\u0644\u0628\u0644\u0627\u0632\u0645\u064a\u062f\u0627\u062a \u0627\u0644\u062d\u0627\u0645\u0644\u0629 \u0644\u0644\u062c\u064a\u0646\u0627\u062a \u0627\u0644\u0645\u0646\u0642\u0648\u0644\u0629 \u0625\u0644\u0649 \u0627\u0644\u062e\u0644\u0627\u064a\u0627 \u0627\u0644\u0645\u0633\u062a\u0647\u062f\u0641\u0629 \u0639\u0628\u0631 \u0646\u0648\u0627\u0642\u0644 \u0641\u064a\u0631\u0648\u0633\u064a\u0629 \u0623\u0648 \u063a\u064a\u0631 \u0641\u064a\u0631\u0648\u0633\u064a\u0629. \u0648\u064a\u064f\u0639\u062f \u0627\u0644\u0639\u0644\u0627\u062c \u0627\u0644\u062c\u064a\u0646\u064a \u0637\u0631\u064a\u0642\u0629 \u0648\u0627\u0639\u062f\u0629 \u0644\u0644\u0639\u062f\u064a\u062f \u0645\u0646 \u0627\u0644\u0623\u0645\u0631\u0627\u0636 \u0645\u062b\u0644 \u0627\u0644\u062b\u0644\u0627\u0633\u064a\u0645\u064a\u0627\u060c \u0646\u0642\u0635 \u0627\u0644\u0645\u0646\u0627\u0639\u0629 \u0627\u0644\u0645\u0634\u062a\u0631\u0643 \u0627\u0644\u0634\u062f\u064a\u062f (SCID)\u060c \u0627\u0644\u0647\u064a\u0645\u0648\u0641\u064a\u0644\u064a\u0627\u060c \u0627\u0644\u062a\u0644\u064a\u0641 \u0627\u0644\u0643\u064a\u0633\u064a\u060c \u0627\u0644\u0639\u0645\u0649 \u0627\u0644\u0648\u0631\u0627\u062b\u064a\u060c \u0627\u0644\u0633\u0631\u0637\u0627\u0646\u060c \u0641\u064a\u0631\u0648\u0633 \u0646\u0642\u0635 \u0627\u0644\u0645\u0646\u0627\u0639\u0629 \u0627\u0644\u0628\u0634\u0631\u064a\u0629 (HIV)\u060c \u0645\u0631\u0636 \u0628\u0627\u0631\u0643\u0646\u0633\u0648\u0646\u060c \u0648\u063a\u064a\u0631\u0647\u0627.<br \/>\u062a\u0639\u062f\u064a\u0644 \u0627\u0644\u062d\u0645\u0636 \u0627\u0644\u0646\u0648\u0648\u064a \u0647\u0648 \u0623\u0633\u0644\u0648\u0628 \u064a\u064f\u0633\u062a\u062e\u062f\u0645 \u0644\u062a\u063a\u064a\u064a\u0631 \u0628\u0646\u064a\u0629 \u0623\u0648 \u0648\u0638\u064a\u0641\u0629 \u0627\u0644\u062d\u0645\u0636 \u0627\u0644\u0646\u0648\u0648\u064a. \u0648\u064a\u0634\u0645\u0644 \u062a\u0642\u0646\u064a\u0627\u062a \u0645\u062a\u0639\u062f\u062f\u0629 \u0645\u062b\u0644 **\u062a\u062d\u0631\u064a\u0631 \u0627\u0644\u062c\u064a\u0646\u0627\u062a**\u060c **\u0627\u0644\u062a\u0639\u062f\u064a\u0644 \u0641\u0648\u0642 \u0627\u0644\u062c\u064a\u0646\u064a**\u060c **\u0625\u062d\u062f\u0627\u062b \u0648\u0625\u0635\u0644\u0627\u062d \u062a\u0644\u0641 \u0627\u0644\u062d\u0645\u0636 \u0627\u0644\u0646\u0648\u0648\u064a**\u060c **\u0645\u062b\u064a\u0644\u0629 \u0627\u0644\u062d\u0645\u0636 \u0627\u0644\u0646\u0648\u0648\u064a**\u060c \u0648**\u0625\u0639\u0627\u062f\u0629 \u0627\u0644\u062a\u0631\u0643\u064a\u0628 \u0627\u0644\u062c\u064a\u0646\u064a**. \u064a\u0645\u0643\u0646 \u0627\u0633\u062a\u062e\u062f\u0627\u0645 \u062a\u0639\u062f\u064a\u0644 \u0627\u0644\u062d\u0645\u0636 \u0627\u0644\u0646\u0648\u0648\u064a \u0641\u064a **\u062a\u0634\u062e\u064a\u0635** \u0648\u0639\u0644\u0627\u062c \u0623\u0648 \u0627\u0644\u0648\u0642\u0627\u064a\u0629 \u0645\u0646 \u0627\u0644\u0623\u0645\u0631\u0627\u0636 \u0627\u0644\u062c\u064a\u0646\u064a\u0629\u060c \u0648\u0641\u064a **\u0627\u0644\u062a\u062d\u0643\u0645 \u0641\u064a \u0627\u0644\u062a\u0639\u0628\u064a\u0631 \u0627\u0644\u062c\u064a\u0646\u064a**\u060c \u0648**\u062a\u0645\u064a\u064a\u0632 \u0627\u0644\u062e\u0644\u0627\u064a\u0627**\u060c \u0648**\u0647\u0646\u062f\u0633\u0629 \u0627\u0644\u0623\u0646\u0633\u062c\u0629**\u060c \u0648**\u0627\u0644\u062a\u0642\u0646\u064a\u0627\u062a \u0627\u0644\u062d\u064a\u0648\u064a\u0629**\u060c \u0648**\u0627\u0644\u0637\u0628 \u0627\u0644\u0634\u0631\u0639\u064a**.<\/p>\t\t\t\t\t\t\t\t<\/div>\n\t\t\t\t<\/div>\n\t\t\t\t\t<\/div>\n\t\t\t\t<\/div>\n\t\t\t\t<\/div>\n\t\t\t\t\t<\/div>\n\t\t\t\t<\/div>\n\t\t<div class=\"elementor-element elementor-element-730544c e-flex e-con-boxed e-con e-parent\" data-id=\"730544c\" data-element_type=\"container\">\n\t\t\t\t\t<div class=\"e-con-inner\">\n\t\t\t\t\t<\/div>\n\t\t\t\t<\/div>\n\t\t\t\t<\/div>","protected":false},"excerpt":{"rendered":"<p>About Us MASTEN CLINICAL RESEARCH Masten is a pioneering institution in the treatment of genetic diseases and in reducing the effects of aging. Established in 2012, this research institution conducts scientific studies in areas such as gene therapy, immunomodulation, chemotherapy, DNA modulation, and rejuvenation. Masten possesses an international standard laboratory and clinical infrastructure to provide [&hellip;]<\/p>","protected":false},"author":1,"featured_media":0,"parent":0,"menu_order":0,"comment_status":"closed","ping_status":"closed","template":"elementor_header_footer","meta":{"site-sidebar-layout":"no-sidebar","site-content-layout":"page-builder","ast-site-content-layout":"full-width-container","site-content-style":"unboxed","site-sidebar-style":"unboxed","ast-global-header-display":"","ast-banner-title-visibility":"","ast-main-header-display":"","ast-hfb-above-header-display":"","ast-hfb-below-header-display":"","ast-hfb-mobile-header-display":"","site-post-title":"disabled","ast-breadcrumbs-content":"disabled","ast-featured-img":"disabled","footer-sml-layout":"","theme-transparent-header-meta":"enabled","adv-header-id-meta":"","stick-header-meta":"enabled","header-above-stick-meta":"on","header-main-stick-meta":"on","header-below-stick-meta":"on","astra-migrate-meta-layouts":"set","ast-page-background-enabled":"default","ast-page-background-meta":{"desktop":{"background-color":"var(--ast-global-color-4)","background-image":"","background-repeat":"repeat","background-position":"center center","background-size":"auto","background-attachment":"scroll","background-type":"","background-media":"","overlay-type":"","overlay-color":"","overlay-opacity":"","overlay-gradient":""},"tablet":{"background-color":"","background-image":"","background-repeat":"repeat","background-position":"center center","background-size":"auto","background-attachment":"scroll","background-type":"","background-media":"","overlay-type":"","overlay-color":"","overlay-opacity":"","overlay-gradient":""},"mobile":{"background-color":"","background-image":"","background-repeat":"repeat","background-position":"center center","background-size":"auto","background-attachment":"scroll","background-type":"","background-media":"","overlay-type":"","overlay-color":"","overlay-opacity":"","overlay-gradient":""}},"ast-content-background-meta":{"desktop":{"background-color":"var(--ast-global-color-5)","background-image":"","background-repeat":"repeat","background-position":"center center","background-size":"auto","background-attachment":"scroll","background-type":"","background-media":"","overlay-type":"","overlay-color":"","overlay-opacity":"","overlay-gradient":""},"tablet":{"background-color":"var(--ast-global-color-5)","background-image":"","background-repeat":"repeat","background-position":"center center","background-size":"auto","background-attachment":"scroll","background-type":"","background-media":"","overlay-type":"","overlay-color":"","overlay-opacity":"","overlay-gradient":""},"mobile":{"background-color":"var(--ast-global-color-5)","background-image":"","background-repeat":"repeat","background-position":"center center","background-size":"auto","background-attachment":"scroll","background-type":"","background-media":"","overlay-type":"","overlay-color":"","overlay-opacity":"","overlay-gradient":""}},"footnotes":""},"class_list":["post-605","page","type-page","status-publish","hentry"],"_links":{"self":[{"href":"https:\/\/mastenresearch.com\/ar\/wp-json\/wp\/v2\/pages\/605","targetHints":{"allow":["GET"]}}],"collection":[{"href":"https:\/\/mastenresearch.com\/ar\/wp-json\/wp\/v2\/pages"}],"about":[{"href":"https:\/\/mastenresearch.com\/ar\/wp-json\/wp\/v2\/types\/page"}],"author":[{"embeddable":true,"href":"https:\/\/mastenresearch.com\/ar\/wp-json\/wp\/v2\/users\/1"}],"replies":[{"embeddable":true,"href":"https:\/\/mastenresearch.com\/ar\/wp-json\/wp\/v2\/comments?post=605"}],"version-history":[{"count":0,"href":"https:\/\/mastenresearch.com\/ar\/wp-json\/wp\/v2\/pages\/605\/revisions"}],"wp:attachment":[{"href":"https:\/\/mastenresearch.com\/ar\/wp-json\/wp\/v2\/media?parent=605"}],"curies":[{"name":"wp","href":"https:\/\/api.w.org\/{rel}","templated":true}]}}