{"id":605,"date":"2021-08-25T02:16:38","date_gmt":"2021-08-25T02:16:38","guid":{"rendered":"https:\/\/mastenresearch.com\/about\/"},"modified":"2025-09-18T08:24:23","modified_gmt":"2025-09-18T05:24:23","slug":"about","status":"publish","type":"page","link":"https:\/\/mastenresearch.com\/tr\/about\/","title":{"rendered":"Hakk\u0131m\u0131zda"},"content":{"rendered":"<div data-elementor-type=\"wp-page\" data-elementor-id=\"605\" class=\"elementor elementor-605\" data-elementor-post-type=\"page\">\n\t\t\t\t<div class=\"elementor-element elementor-element-8fd5308 e-flex e-con-boxed e-con e-parent\" data-id=\"8fd5308\" data-element_type=\"container\" data-settings=\"{&quot;background_background&quot;:&quot;classic&quot;}\">\n\t\t\t\t\t<div class=\"e-con-inner\">\n\t\t<div class=\"elementor-element elementor-element-17ced38 e-con-full e-flex e-con e-child\" data-id=\"17ced38\" data-element_type=\"container\">\n\t\t\t\t<div class=\"elementor-element elementor-element-e89582e elementor-widget elementor-widget-heading\" data-id=\"e89582e\" data-element_type=\"widget\" data-widget_type=\"heading.default\">\n\t\t\t\t<div class=\"elementor-widget-container\">\n\t\t\t\t\t<h6 class=\"elementor-heading-title elementor-size-default\">Hakk\u0131m\u0131zda<\/h6>\t\t\t\t<\/div>\n\t\t\t\t<\/div>\n\t\t\t\t<\/div>\n\t\t\t\t\t<\/div>\n\t\t\t\t<\/div>\n\t\t<div class=\"elementor-element elementor-element-1adf18b e-flex e-con-boxed e-con e-parent\" data-id=\"1adf18b\" data-element_type=\"container\">\n\t\t\t\t\t<div class=\"e-con-inner\">\n\t\t\t\t\t<\/div>\n\t\t\t\t<\/div>\n\t\t<div class=\"elementor-element elementor-element-b83d38b e-flex e-con-boxed e-con e-parent\" data-id=\"b83d38b\" data-element_type=\"container\" data-settings=\"{&quot;background_background&quot;:&quot;classic&quot;}\">\n\t\t\t\t\t<div class=\"e-con-inner\">\n\t\t<div class=\"elementor-element elementor-element-a80f695 e-con-full e-flex e-con e-child\" data-id=\"a80f695\" data-element_type=\"container\">\n\t\t<div class=\"elementor-element elementor-element-5af9fc9 e-flex e-con-boxed e-con e-child\" data-id=\"5af9fc9\" data-element_type=\"container\">\n\t\t\t\t\t<div class=\"e-con-inner\">\n\t\t<div class=\"elementor-element elementor-element-de552a5 e-con-full e-flex e-con e-child\" data-id=\"de552a5\" data-element_type=\"container\">\n\t\t\t\t<div class=\"elementor-element elementor-element-0961f91 elementor-widget elementor-widget-heading\" data-id=\"0961f91\" data-element_type=\"widget\" data-widget_type=\"heading.default\">\n\t\t\t\t<div class=\"elementor-widget-container\">\n\t\t\t\t\t<h6 class=\"elementor-heading-title elementor-size-default\">MASTEN Klinik Ara\u015ft\u0131rma<\/h6>\t\t\t\t<\/div>\n\t\t\t\t<\/div>\n\t\t\t\t<div class=\"elementor-element elementor-element-cdc3a50 elementor-widget elementor-widget-text-editor\" data-id=\"cdc3a50\" data-element_type=\"widget\" data-widget_type=\"text-editor.default\">\n\t\t\t\t<div class=\"elementor-widget-container\">\n\t\t\t\t\t\t\t\t\tMasten, genetik hastal\u0131klar\u0131n tedavisinde ve ya\u015flanman\u0131n etkilerini azaltmada \u00f6nc\u00fc bir kurumdur. Bu ara\u015ft\u0131rma kurumu, gen tedavisi, imm\u00fcnomod\u00fclasyon, kemoterapi, DNA mod\u00fclasyonu ve gen\u00e7le\u015ftirme gibi alanlarda bilimsel \u00e7al\u0131\u015fmalar y\u00fcr\u00fctmektedir. Masten, hastalar\u0131na en iyi ve en g\u00fcvenli tedavi y\u00f6ntemlerini sunmak i\u00e7in uluslararas\u0131 standartlarda laboratuvar ve klinik altyap\u0131ya sahiptir. Genetik hastal\u0131klar\u0131n tedavisinde d\u00fcnya rekorlar\u0131 k\u0131rm\u0131\u015f ve bu alanda bir\u00e7ok \u00f6d\u00fcl ile patent alm\u0131\u015ft\u0131r. \u0130nsan sa\u011fl\u0131\u011f\u0131n\u0131 ve ya\u015fam kalitesini art\u0131rmak i\u00e7in yenilik\u00e7i ve vizyoner bir \u015fekilde \u00e7al\u0131\u015fan bir kurumdur.\t\t\t\t\t\t\t\t<\/div>\n\t\t\t\t<\/div>\n\t\t\t\t<\/div>\n\t\t<div class=\"elementor-element elementor-element-42bd4bc e-con-full e-flex e-con e-child\" data-id=\"42bd4bc\" data-element_type=\"container\">\n\t\t\t\t<div class=\"elementor-element elementor-element-e405f9e elementor-widget elementor-widget-image-carousel\" data-id=\"e405f9e\" data-element_type=\"widget\" data-settings=\"{&quot;slides_to_show&quot;:&quot;1&quot;,&quot;slides_to_show_tablet&quot;:&quot;1&quot;,&quot;navigation&quot;:&quot;none&quot;,&quot;autoplay_speed&quot;:2000,&quot;autoplay&quot;:&quot;yes&quot;,&quot;pause_on_hover&quot;:&quot;yes&quot;,&quot;pause_on_interaction&quot;:&quot;yes&quot;,&quot;infinite&quot;:&quot;yes&quot;,&quot;effect&quot;:&quot;slide&quot;,&quot;speed&quot;:500}\" data-widget_type=\"image-carousel.default\">\n\t\t\t\t<div class=\"elementor-widget-container\">\n\t\t\t\t\t\t\t<div class=\"elementor-image-carousel-wrapper swiper\" role=\"region\" aria-roledescription=\"carousel\" aria-label=\"Resim D\u00f6ng\u00fcs\u00fc\" dir=\"ltr\">\n\t\t\t<div class=\"elementor-image-carousel swiper-wrapper\" aria-live=\"off\">\n\t\t\t\t\t\t\t\t<div class=\"swiper-slide\" role=\"group\" aria-roledescription=\"slide\" aria-label=\"1 \/ 4\"><figure class=\"swiper-slide-inner\"><img decoding=\"async\" class=\"swiper-slide-image lazyload\" data-src=\"https:\/\/mastenresearch.com\/wp-content\/uploads\/2025\/07\/ac379236-d5c5-438e-847e-6e7074952880-depositphotos-bgremover-1.png\" alt=\"ac379236 d5c5 438e 847e 6e7074952880 depositphotos bgremover (1)\" src=\"data:image\/svg+xml;base64,PHN2ZyB3aWR0aD0iMSIgaGVpZ2h0PSIxIiB4bWxucz0iaHR0cDovL3d3dy53My5vcmcvMjAwMC9zdmciPjwvc3ZnPg==\" style=\"--smush-placeholder-width: 505px; --smush-placeholder-aspect-ratio: 505\/1024;\" \/><\/figure><\/div><div class=\"swiper-slide\" role=\"group\" aria-roledescription=\"slide\" aria-label=\"2 \/ 4\"><figure class=\"swiper-slide-inner\"><img decoding=\"async\" class=\"swiper-slide-image lazyload\" data-src=\"https:\/\/mastenresearch.com\/wp-content\/uploads\/2025\/07\/ac379236-d5c5-438e-847e-6e7074952881-depositphotos-bgremover.png\" alt=\"ac379236 d5c5 438e 847e 6e7074952881 depositphotos bgremover\" src=\"data:image\/svg+xml;base64,PHN2ZyB3aWR0aD0iMSIgaGVpZ2h0PSIxIiB4bWxucz0iaHR0cDovL3d3dy53My5vcmcvMjAwMC9zdmciPjwvc3ZnPg==\" style=\"--smush-placeholder-width: 513px; --smush-placeholder-aspect-ratio: 513\/1024;\" \/><\/figure><\/div><div class=\"swiper-slide\" role=\"group\" aria-roledescription=\"slide\" aria-label=\"3 \/ 4\"><figure class=\"swiper-slide-inner\"><img decoding=\"async\" class=\"swiper-slide-image lazyload\" data-src=\"https:\/\/mastenresearch.com\/wp-content\/uploads\/2025\/07\/debb8707-76df-4dfd-a680-079226d3cb81-depositphotos-bgremover-1.png\" alt=\"debb8707 76df 4dfd a680 079226d3cb81 depositphotos bgremover (1)\" src=\"data:image\/svg+xml;base64,PHN2ZyB3aWR0aD0iMSIgaGVpZ2h0PSIxIiB4bWxucz0iaHR0cDovL3d3dy53My5vcmcvMjAwMC9zdmciPjwvc3ZnPg==\" style=\"--smush-placeholder-width: 508px; --smush-placeholder-aspect-ratio: 508\/1024;\" \/><\/figure><\/div><div class=\"swiper-slide\" role=\"group\" aria-roledescription=\"slide\" aria-label=\"4 \/ 4\"><figure class=\"swiper-slide-inner\"><img decoding=\"async\" class=\"swiper-slide-image lazyload\" data-src=\"https:\/\/mastenresearch.com\/wp-content\/uploads\/2025\/07\/debb8707-76df-4dfd-a680-079226d3cb82-depositphotos-bgremover.png\" alt=\"debb8707 76df 4dfd a680 079226d3cb82 depositphotos bgremover\" src=\"data:image\/svg+xml;base64,PHN2ZyB3aWR0aD0iMSIgaGVpZ2h0PSIxIiB4bWxucz0iaHR0cDovL3d3dy53My5vcmcvMjAwMC9zdmciPjwvc3ZnPg==\" style=\"--smush-placeholder-width: 523px; --smush-placeholder-aspect-ratio: 523\/1024;\" \/><\/figure><\/div>\t\t\t<\/div>\n\t\t\t\t\t\t\t\n\t\t\t\t\t\t\t\t\t<\/div>\n\t\t\t\t\t\t<\/div>\n\t\t\t\t<\/div>\n\t\t\t\t<\/div>\n\t\t<div class=\"elementor-element elementor-element-591cddf e-con-full e-flex e-con e-child\" data-id=\"591cddf\" data-element_type=\"container\">\n\t\t\t\t<div class=\"elementor-element elementor-element-135c4fb elementor-widget elementor-widget-heading\" data-id=\"135c4fb\" data-element_type=\"widget\" data-widget_type=\"heading.default\">\n\t\t\t\t<div class=\"elementor-widget-container\">\n\t\t\t\t\t<h6 class=\"elementor-heading-title elementor-size-default\">MASTEN Klinik Ara\u015ft\u0131rma<\/h6>\t\t\t\t<\/div>\n\t\t\t\t<\/div>\n\t\t\t\t<div class=\"elementor-element elementor-element-0202b07 elementor-widget elementor-widget-text-editor\" data-id=\"0202b07\" data-element_type=\"widget\" data-widget_type=\"text-editor.default\">\n\t\t\t\t<div class=\"elementor-widget-container\">\n\t\t\t\t\t\t\t\t\tMasten, genetik hastal\u0131klar\u0131n tedavisinde ve ya\u015flanman\u0131n etkilerini azaltmada \u00f6nc\u00fc bir kurumdur. Bu ara\u015ft\u0131rma kurumu, gen tedavisi, imm\u00fcnomod\u00fclasyon, kemoterapi, DNA mod\u00fclasyonu ve gen\u00e7le\u015ftirme gibi alanlarda bilimsel \u00e7al\u0131\u015fmalar y\u00fcr\u00fctmektedir. Masten, hastalar\u0131na en iyi ve en g\u00fcvenli tedavi y\u00f6ntemlerini sunmak i\u00e7in uluslararas\u0131 standartlarda laboratuvar ve klinik altyap\u0131ya sahiptir. Genetik hastal\u0131klar\u0131n tedavisinde d\u00fcnya rekorlar\u0131 k\u0131rm\u0131\u015f ve bu alanda bir\u00e7ok \u00f6d\u00fcl ile patent alm\u0131\u015ft\u0131r. \u0130nsan sa\u011fl\u0131\u011f\u0131n\u0131 ve ya\u015fam kalitesini art\u0131rmak i\u00e7in yenilik\u00e7i ve vizyoner bir \u015fekilde \u00e7al\u0131\u015fan bir kurumdur.\t\t\t\t\t\t\t\t<\/div>\n\t\t\t\t<\/div>\n\t\t\t\t<\/div>\n\t\t\t\t\t<\/div>\n\t\t\t\t<\/div>\n\t\t<div class=\"elementor-element elementor-element-f5dd7ac e-flex e-con-boxed e-con e-child\" data-id=\"f5dd7ac\" data-element_type=\"container\">\n\t\t\t\t\t<div class=\"e-con-inner\">\n\t\t\t\t<div class=\"elementor-element elementor-element-5685c3f elementor-widget elementor-widget-text-editor\" data-id=\"5685c3f\" data-element_type=\"widget\" data-widget_type=\"text-editor.default\">\n\t\t\t\t<div class=\"elementor-widget-container\">\n\t\t\t\t\t\t\t\t\t<p>Masten Research\u2019te kanser tedavileri, temelde MST-335 imm\u00fcnomod\u00fclasyon, gen terapisi ve DNA mod\u00fclasyonu y\u00f6ntemleriyle uygulanmaktad\u0131r.\nGen terapisi, insan h\u00fccrelerindeki genlerin d\u00fczenlenmesi ya da hastal\u0131klar\u0131n \u00f6nlenmesi amac\u0131yla kullan\u0131lan bir y\u00f6ntemdir. Bu y\u00f6ntemin temel amac\u0131, mutasyona u\u011fram\u0131\u015f ya da hastal\u0131\u011fa neden olan genlerin yerine uygun genlerin transfer edilmesidir.<\/p><p>Masten Research, kanser tedavilerinin temelini MST-335 imm\u00fcnomod\u00fclasyon, gen terapisi ve DNA mod\u00fclasyonu y\u00f6ntemleri \u00fczerine in\u015fa etmektedir.\nGen terapisi, insan h\u00fccrelerindeki genleri d\u00fczenlemeyi veya hastal\u0131klar\u0131 \u00f6nlemeyi ama\u00e7layan bir yakla\u015f\u0131md\u0131r. Bu y\u00f6ntemde hedef, mutasyona u\u011fram\u0131\u015f ya da hastal\u0131\u011fa neden olan genlerin yerine uygun genlerin transfer edilmesidir.<br \/>Gen terapisi, genetik hastal\u0131klar\u0131n tedavisinde veya \u00f6nlenmesinde DNA segmentlerinin (genellikle genlerin) kullan\u0131lmas\u0131n\u0131 ifade eder.\nBu y\u00f6ntem, ta\u015f\u0131d\u0131\u011f\u0131 transgenleri i\u00e7eren plazmidlerin hedef h\u00fccrelere viral ya da viral olmayan vekt\u00f6rler arac\u0131l\u0131\u011f\u0131yla aktar\u0131lmas\u0131n\u0131 gerektirir.\nGen terapisi; talasemi, SCID (\u015fiddetli kombine imm\u00fcn yetmezlik), hemofili, kistik fibrozis, kal\u0131tsal k\u00f6rl\u00fck, kanser, HIV, Parkinson hastal\u0131\u011f\u0131 gibi pek \u00e7ok hastal\u0131k i\u00e7in umut vadeden bir y\u00f6ntemdir.<br \/>DNA mod\u00fclasyonu, DNA\u2019n\u0131n yap\u0131s\u0131n\u0131 veya i\u015flevini de\u011fi\u015ftirmek amac\u0131yla kullan\u0131lan bir y\u00f6ntemdir.\nBu yakla\u015f\u0131m; gen d\u00fczenleme, epigenetik modifikasyon, DNA hasar\u0131 ve onar\u0131m\u0131, DNA metilasyonu ve DNA rekombinasyonu gibi \u00e7e\u015fitli teknikleri i\u00e7erir.\nDNA mod\u00fclasyonu, genetik hastal\u0131klar\u0131n tan\u0131, tedavi veya \u00f6nlenmesinde; gen ifadesinin kontrol\u00fcnde, h\u00fccre farkl\u0131la\u015fmas\u0131nda, doku m\u00fchendisli\u011finde, biyoteknoloji alan\u0131nda ve adli bilimlerde kullan\u0131labilmektedir.<\/p>\t\t\t\t\t\t\t\t<\/div>\n\t\t\t\t<\/div>\n\t\t\t\t\t<\/div>\n\t\t\t\t<\/div>\n\t\t\t\t<\/div>\n\t\t\t\t\t<\/div>\n\t\t\t\t<\/div>\n\t\t<div class=\"elementor-element elementor-element-730544c e-flex e-con-boxed e-con e-parent\" data-id=\"730544c\" data-element_type=\"container\">\n\t\t\t\t\t<div class=\"e-con-inner\">\n\t\t\t\t\t<\/div>\n\t\t\t\t<\/div>\n\t\t\t\t<\/div>","protected":false},"excerpt":{"rendered":"<p>About Us MASTEN CLINICAL RESEARCH Masten is a pioneering institution in the treatment of genetic diseases and in reducing the effects of aging. Established in 2012, this research institution conducts scientific studies in areas such as gene therapy, immunomodulation, chemotherapy, DNA modulation, and rejuvenation. Masten possesses an international standard laboratory and clinical infrastructure to provide [&hellip;]<\/p>","protected":false},"author":1,"featured_media":0,"parent":0,"menu_order":0,"comment_status":"closed","ping_status":"closed","template":"elementor_header_footer","meta":{"site-sidebar-layout":"no-sidebar","site-content-layout":"page-builder","ast-site-content-layout":"full-width-container","site-content-style":"unboxed","site-sidebar-style":"unboxed","ast-global-header-display":"","ast-banner-title-visibility":"","ast-main-header-display":"","ast-hfb-above-header-display":"","ast-hfb-below-header-display":"","ast-hfb-mobile-header-display":"","site-post-title":"disabled","ast-breadcrumbs-content":"disabled","ast-featured-img":"disabled","footer-sml-layout":"","theme-transparent-header-meta":"enabled","adv-header-id-meta":"","stick-header-meta":"enabled","header-above-stick-meta":"on","header-main-stick-meta":"on","header-below-stick-meta":"on","astra-migrate-meta-layouts":"set","ast-page-background-enabled":"default","ast-page-background-meta":{"desktop":{"background-color":"var(--ast-global-color-4)","background-image":"","background-repeat":"repeat","background-position":"center center","background-size":"auto","background-attachment":"scroll","background-type":"","background-media":"","overlay-type":"","overlay-color":"","overlay-opacity":"","overlay-gradient":""},"tablet":{"background-color":"","background-image":"","background-repeat":"repeat","background-position":"center center","background-size":"auto","background-attachment":"scroll","background-type":"","background-media":"","overlay-type":"","overlay-color":"","overlay-opacity":"","overlay-gradient":""},"mobile":{"background-color":"","background-image":"","background-repeat":"repeat","background-position":"center center","background-size":"auto","background-attachment":"scroll","background-type":"","background-media":"","overlay-type":"","overlay-color":"","overlay-opacity":"","overlay-gradient":""}},"ast-content-background-meta":{"desktop":{"background-color":"var(--ast-global-color-5)","background-image":"","background-repeat":"repeat","background-position":"center center","background-size":"auto","background-attachment":"scroll","background-type":"","background-media":"","overlay-type":"","overlay-color":"","overlay-opacity":"","overlay-gradient":""},"tablet":{"background-color":"var(--ast-global-color-5)","background-image":"","background-repeat":"repeat","background-position":"center center","background-size":"auto","background-attachment":"scroll","background-type":"","background-media":"","overlay-type":"","overlay-color":"","overlay-opacity":"","overlay-gradient":""},"mobile":{"background-color":"var(--ast-global-color-5)","background-image":"","background-repeat":"repeat","background-position":"center center","background-size":"auto","background-attachment":"scroll","background-type":"","background-media":"","overlay-type":"","overlay-color":"","overlay-opacity":"","overlay-gradient":""}},"footnotes":""},"class_list":["post-605","page","type-page","status-publish","hentry"],"_links":{"self":[{"href":"https:\/\/mastenresearch.com\/tr\/wp-json\/wp\/v2\/pages\/605","targetHints":{"allow":["GET"]}}],"collection":[{"href":"https:\/\/mastenresearch.com\/tr\/wp-json\/wp\/v2\/pages"}],"about":[{"href":"https:\/\/mastenresearch.com\/tr\/wp-json\/wp\/v2\/types\/page"}],"author":[{"embeddable":true,"href":"https:\/\/mastenresearch.com\/tr\/wp-json\/wp\/v2\/users\/1"}],"replies":[{"embeddable":true,"href":"https:\/\/mastenresearch.com\/tr\/wp-json\/wp\/v2\/comments?post=605"}],"version-history":[{"count":0,"href":"https:\/\/mastenresearch.com\/tr\/wp-json\/wp\/v2\/pages\/605\/revisions"}],"wp:attachment":[{"href":"https:\/\/mastenresearch.com\/tr\/wp-json\/wp\/v2\/media?parent=605"}],"curies":[{"name":"wp","href":"https:\/\/api.w.org\/{rel}","templated":true}]}}